
{"id":247,"date":"2020-06-20T22:14:07","date_gmt":"2020-06-20T20:14:07","guid":{"rendered":"https:\/\/www.imtex-online.com\/mediathek\/?page_id=247"},"modified":"2021-03-03T20:31:47","modified_gmt":"2021-03-03T19:31:47","slug":"faq","status":"publish","type":"page","link":"https:\/\/www.imtex-online.com\/mediathek\/faq\/","title":{"rendered":"HELP"},"content":{"rendered":"<div class=\"wpb-content-wrapper\"><p>[vc_row][vc_column][vc_toggle title=&#8220;How do I cancel my subscription?&#8220; custom_font_container=&#8220;tag:h2|text_align:left|color:%2331a3dd&#8220; use_custom_heading=&#8220;true&#8220;]We&#8217;re sorry to see you here because you&#8217;d like to cancel your subscription.<\/p>\n<p><strong>You will need to follow the following steps:<\/strong><\/p>\n<p><strong>1. <\/strong><strong><a href=\"https:\/\/www.imtex-online.com\/mediathek\/umt\/login.php\">Login<\/a>\u00a0<\/strong><\/p>\n<p><strong>2. Tap &#8222;My Subscription&#8220;<\/strong><\/p>\n<p><strong>3. Select &#8222;Cancel?&#8220;<\/strong><strong>. Confirm your request by selecting &#8222;yes&#8220;.<\/strong><\/p>\n<p><img loading=\"lazy\" decoding=\"async\" class=\"alignnone size-medium wp-image-916\" src=\"https:\/\/www.imtex-online.com\/mediathek\/wp-content\/uploads\/2021\/03\/cancel-300x253.jpg\" alt=\"\" width=\"300\" height=\"253\" srcset=\"https:\/\/www.imtex-online.com\/mediathek\/wp-content\/uploads\/2021\/03\/cancel-300x253.jpg 300w, https:\/\/www.imtex-online.com\/mediathek\/wp-content\/uploads\/2021\/03\/cancel-768x647.jpg 768w, https:\/\/www.imtex-online.com\/mediathek\/wp-content\/uploads\/2021\/03\/cancel.jpg 842w\" sizes=\"auto, (max-width: 300px) 100vw, 300px\" \/>[\/vc_toggle][vc_toggle title=&#8220;How to UPGRADE your license?&#8220; custom_font_container=&#8220;tag:h2|text_align:left|color:%2331a3dd&#8220; use_custom_heading=&#8220;true&#8220;]<strong>You will need to follow the following steps:<\/strong><\/p>\n<p><strong>1.\u00a0<\/strong><strong><a href=\"https:\/\/www.imtex-online.com\/mediathek\/umt\/login.php\">Login<\/a>\u00a0<\/strong><\/p>\n<p><strong>2. Tap \u201eMy Subscription&#8220;<\/strong><\/p>\n<p><strong>3. Select your new subscription<\/strong><\/p>\n<p><strong>4. Select &#8222;UPGRADE NOW&#8220;<\/strong><\/p>\n<p><img loading=\"lazy\" decoding=\"async\" class=\"alignnone size-medium wp-image-914\" src=\"https:\/\/www.imtex-online.com\/mediathek\/wp-content\/uploads\/2021\/03\/upgrade-300x142.jpg\" alt=\"\" width=\"300\" height=\"142\" srcset=\"https:\/\/www.imtex-online.com\/mediathek\/wp-content\/uploads\/2021\/03\/upgrade-300x142.jpg 300w, https:\/\/www.imtex-online.com\/mediathek\/wp-content\/uploads\/2021\/03\/upgrade-768x364.jpg 768w, https:\/\/www.imtex-online.com\/mediathek\/wp-content\/uploads\/2021\/03\/upgrade.jpg 845w\" sizes=\"auto, (max-width: 300px) 100vw, 300px\" \/><br \/>\n[\/vc_toggle][vc_toggle title=&#8220;How to use my studio \/ school licence?&#8220; custom_font_container=&#8220;tag:h2|text_align:left|color:%2331a3dd&#8220; use_custom_heading=&#8220;true&#8220;]<span style=\"color: #000000;\"><strong>Never share your username or password with your students!<\/strong><\/span><\/p>\n<p>If you ordered a <strong>studio<\/strong> or <strong>school license<\/strong>, you can share your<br \/>\n<strong>license key<\/strong> with your students.<\/p>\n<p>With this key, your students will <strong>be able<\/strong> to use our service without any restrictions, but your students will not be able to read \/ change your personal data (credit card information, profile picture&#8230;)<\/p>\n<p><strong>Your students have to use their own login:<\/strong><br \/>\n<strong><a href=\"https:\/\/www.imtex-online.com\/mediathek\/umt\/schoollogin.php\">Student \/ School Login<\/a><\/strong><\/p>\n<p><strong><img loading=\"lazy\" decoding=\"async\" class=\"alignnone size-medium wp-image-469\" src=\"https:\/\/www.imtex-online.com\/mediathek\/wp-content\/uploads\/2020\/08\/Student-Login-300x289.jpg\" alt=\"\" width=\"300\" height=\"289\" srcset=\"https:\/\/www.imtex-online.com\/mediathek\/wp-content\/uploads\/2020\/08\/Student-Login-300x289.jpg 300w, https:\/\/www.imtex-online.com\/mediathek\/wp-content\/uploads\/2020\/08\/Student-Login.jpg 680w\" sizes=\"auto, (max-width: 300px) 100vw, 300px\" \/><\/strong><\/p>\n<p>If you want to find your school or studio license key, please follow the steps below:<\/p>\n<p><strong>1. <\/strong><strong><a href=\"https:\/\/www.imtex-online.com\/mediathek\/umt\/login.php\">Login<\/a>\u00a0<\/strong><\/p>\n<p><strong>2. Tap\u00a0 &#8222;Studio \/ School License Key&#8220;<\/strong><\/p>\n<p><strong>3. Copy your key<\/strong><\/p>\n<p><strong>Never share your username \/ password with your students!<br \/>\n<img loading=\"lazy\" decoding=\"async\" class=\"alignnone size-medium wp-image-281\" src=\"https:\/\/www.imtex-online.com\/mediathek\/wp-content\/uploads\/2020\/06\/studentkey-300x270.jpg\" alt=\"\" width=\"300\" height=\"270\" srcset=\"https:\/\/www.imtex-online.com\/mediathek\/wp-content\/uploads\/2020\/06\/studentkey-300x270.jpg 300w, https:\/\/www.imtex-online.com\/mediathek\/wp-content\/uploads\/2020\/06\/studentkey.jpg 573w\" sizes=\"auto, (max-width: 300px) 100vw, 300px\" \/><br \/>\n<\/strong>[\/vc_toggle][vc_toggle title=&#8220;I have an existing imtex.info account (an account of the previous media library).&#8220; custom_font_container=&#8220;tag:h2|text_align:left|color:%2331a3dd&#8220; use_custom_heading=&#8220;true&#8220;]Log in using your existing username and password.\u00a0<strong><br \/>\n<\/strong><\/p>\n<p><strong>I have an existing imtex.info subscription:<\/strong><\/p>\n<p>If you have an active imtex.info subscription, you will be able to use our service without restrictions. If your subscription expired, you will be able to buy a new subscription.[\/vc_toggle][vc_toggle title=&#8220;Helpful Tools for VIOLINISTS&#8220; custom_font_container=&#8220;tag:h2|text_align:left|color:%2331a3dd&#8220; use_custom_heading=&#8220;true&#8220;]<\/p>\n<div class=\"push-right\">\n<hr class=\"blog-sep header-sep\" \/>\n<\/div>\n<div id=\"beide\">\n<div id=\"links\">\n<p><img decoding=\"async\" src=\"https:\/\/www.imtex-online.com\/mediathek\/wp-content\/themes\/enigma\/uk.png\" \/><\/p>\n<div>\n<p><a href=\"https:\/\/www.imtex-online.com\/mediathek\/?page_id=2?showcat=184#184kennung\">Daily Listening<\/a><\/p>\n<p><a href=\"https:\/\/www.imtex-online.com\/mediathek\/?page_id=2?showcat=193#193kennung\">Accompaniment Tracks<\/a><\/p>\n<p><a href=\"https:\/\/www.imtex-online.com\/mediathek\/?page_id=2?showcat=164#164kennung\">VIOLIN &#8211; Accompaniment Tracks for Vols. 1-5<\/a><\/p>\n<p><a href=\"https:\/\/www.imtex-online.com\/mediathek\/?page_id=2?showcat=84#84kennung\">Complete Audio Albums<\/a><\/p>\n<p><a href=\"https:\/\/www.imtex-online.com\/mediathek\/?page_id=2?showcat=101#101kennung\">Piano Accompaniments: Sheet Music<\/a><\/p>\n<p><a href=\"https:\/\/www.imtex-online.com\/mediathek\/?page_id=2?showcat=46#46kennung\">Step by Step learning: Samples from our publications<\/a><\/p>\n<p><a href=\"https:\/\/www.imtex-online.com\/mediathek\/?page_id=2?showcat=111#111kennung\">Ensemble Pieces<\/a><\/p>\n<p><a href=\"https:\/\/www.imtex-online.com\/mediathek\/?page_id=2?showcat=129#129kennung\">FREE Video Tutorials &amp; Audio Recordings<\/a><\/p>\n<p><a href=\"https:\/\/www.imtex-online.com\/mediathek\/?page_id=2?showcat=136#136kennung\">Violin Video Tutorials by Kerstin Wartberg<\/a><\/p>\n<p><a href=\"https:\/\/www.imtex-online.com\/mediathek\/?page_id=2?showcat=132#132kennung\">Violin Video Tutorials by Mimi Zweig<\/a><\/p>\n<p><a href=\"https:\/\/www.imtex-online.com\/mediathek\/?page_id=2?showcat=140#140kennung\">Violin Video Tutorials by &#8222;Violin Together&#8220; \ubc14\uc774\uc62c\ub9b0 \ud22c\uac8c\ub354<\/a><\/p>\n<p><a href=\"https:\/\/www.imtex-online.com\/mediathek\/?page_id=2?showcat=134#134kennung\">Violin Videos: Brian Lewis teaches<\/a><\/p>\n<p><a href=\"https:\/\/www.imtex-online.com\/mediathek\/?page_id=2?showcat=116#116kennung\">FREE Downloads<\/a><\/p>\n<\/div>\n<\/div>\n<\/div>\n<p>[\/vc_toggle][vc_toggle title=&#8220;Helpful Tools for VIOLISTS&#8220; custom_font_container=&#8220;tag:h2|text_align:left|color:%2331a3dd&#8220; use_custom_heading=&#8220;true&#8220;]<\/p>\n<div class=\"push-right\">\n<hr class=\"blog-sep header-sep\" \/>\n<\/div>\n<div id=\"beide\">\n<div id=\"links\">\n<p><img decoding=\"async\" src=\"https:\/\/www.imtex-online.com\/mediathek\/wp-content\/themes\/enigma\/uk.png\" \/><\/p>\n<\/div>\n<\/div>\n<p>Accompaniment Tracks<br \/>\n<a href=\"https:\/\/www.imtex-online.com\/mediathek\/?page_id=2?showcat=110#110kennung\">VIOLA &#8211; Accompaniment Tracks for Vol. 1<\/a><\/p>\n<p>Piano Accompaniments: Sheet Music<br \/>\n<a href=\"https:\/\/www.imtex-online.com\/mediathek\/?page_id=2?showcat=185#185kennung\">Violin, Viola, Cello School, vol. 1 &#8211; Arr. David Andruss<\/a><\/p>\n<p>Step by Step learning: Samples from our publications<br \/>\n<a href=\"https:\/\/www.imtex-online.com\/mediathek\/?page_id=2?showcat=59#59kennung\">Viola &amp; Cello<\/a><\/p>\n<p><a href=\"https:\/\/www.imtex-online.com\/mediathek\/?page_id=2?showcat=111#111kennung\">Ensemble Pieces<\/a><\/p>\n<p><a href=\"https:\/\/www.imtex-online.com\/mediathek\/?page_id=2?showcat=116#116kennung\">FREE Downloads<\/a>[\/vc_toggle][vc_toggle title=&#8220;Helpful Tools for CELLISTS&#8220; custom_font_container=&#8220;tag:h2|text_align:left|color:%2331a3dd&#8220; use_custom_heading=&#8220;true&#8220;]<\/p>\n<div class=\"push-right\">\n<hr class=\"blog-sep header-sep\" \/>\n<\/div>\n<div id=\"beide\">\n<div id=\"links\">\n<p><img decoding=\"async\" src=\"https:\/\/www.imtex-online.com\/mediathek\/wp-content\/themes\/enigma\/uk.png\" \/><\/p>\n<\/div>\n<\/div>\n<p>Accompaniment Tracks<br \/>\n<a href=\"https:\/\/www.imtex-online.com\/mediathek\/?page_id=2?showcat=112#112kennung\">CELLO &#8211; Accompaniment Tracks for Vol. 1<\/a><\/p>\n<p>Piano Accompaniments: Sheet Music<br \/>\n<a href=\"https:\/\/www.imtex-online.com\/mediathek\/?page_id=2?showcat=185#185kennung\">Violin, Viola, Cello School, vol. 1 &#8211; Arr. David Andruss<\/a><\/p>\n<p>Step by Step learning: Samples from our publications<br \/>\n<a href=\"https:\/\/www.imtex-online.com\/mediathek\/?page_id=2?showcat=59#59kennung\">Viola &amp; Cello<\/a><\/p>\n<p><a href=\"https:\/\/www.imtex-online.com\/mediathek\/?page_id=2?showcat=111#111kennung\">Ensemble Pieces<\/a><\/p>\n<p>FREE Video Tutorials &amp; Audio Recordings<br \/>\n<a href=\"https:\/\/www.imtex-online.com\/mediathek\/?page_id=2?showcat=133#133kennung\">Cello Video Tutorials by Susan Moses<\/a><\/p>\n<p><a href=\"https:\/\/www.imtex-online.com\/mediathek\/?page_id=2?showcat=116#116kennung\">FREE Downloads<\/a>[\/vc_toggle][vc_toggle title=&#8220;Helpful Tools for PIANISTS&#8220; custom_font_container=&#8220;tag:h2|text_align:left|color:%2331a3dd&#8220; use_custom_heading=&#8220;true&#8220;]<\/p>\n<div class=\"push-right\">\n<hr class=\"blog-sep header-sep\" \/>\n<\/div>\n<div id=\"beide\">\n<div id=\"links\">\n<p><img decoding=\"async\" src=\"https:\/\/www.imtex-online.com\/mediathek\/wp-content\/themes\/enigma\/uk.png\" \/><\/p>\n<\/div>\n<\/div>\n<p>FREE Video Tutorials &amp; Audio Recordings<br \/>\n<a href=\"https:\/\/www.imtex-online.com\/mediathek\/?page_id=2?showcat=130#130kennung\">Piano Video Tutorials &amp; Articles by Jenny Macmillan<\/a><\/p>\n<p><a href=\"https:\/\/www.imtex-online.com\/mediathek\/?page_id=2?showcat=166#166kennung\">Piano Recordings by Jenny Macmillan<\/a><\/p>\n<p><a href=\"https:\/\/www.imtex-online.com\/mediathek\/?page_id=44&amp;artnumber=1xhwL%2FOxx4IwHk%2FOXk1JBf2N%2FyFp6fOnRlSm6p27GKhLATzYQ4%2F3%2B4PR7NlTlyMneoJL8aVmLmlA1H8qz4SGJQ%3D%3D&amp;artnumber2=W05eEVpCNZZAF36ZnC6UNw%3D%3D\">Macmillan, Jenny: A comparison of Suzuki piano recordings<\/a><\/p>\n<p><a href=\"https:\/\/www.imtex-online.com\/mediathek\/?page_id=44&amp;artnumber=qR%2Fjk2HvgTvXQZEF%2F2zrElCKBBkIN%2BeryRO86i3hELEQWbCT9a7A1H%2BgkKfEBLgkdp9JS3n6CHNkeNTSsr4DfQ%3D%3D&amp;artnumber2=yBh%2Fx3dlUHPMKW%2Fe3oMzow%3D%3D\">Macmillan, Jenny: Piano Teaching Ideas<\/a>[\/vc_toggle][vc_toggle title=&#8220;How to contact us?&#8220; custom_font_container=&#8220;tag:h2|text_align:left|color:%2331a3dd&#8220; use_custom_heading=&#8220;true&#8220;]<\/p>\n<h3><span style=\"color: #31a3dd;\"><strong>Write to us<\/strong><\/span><br \/>\nIf you have any questions, please don&#8217;t hesitate to contact us via e-mail to:<br \/>\n<a href=\"mailto:info@imtex-online.com\">info@imtex-online.com<\/a><\/h3>\n<p>[\/vc_toggle][\/vc_column][\/vc_row][vc_row][vc_column width=&#8220;1\/2&#8243;][vc_column_text]<\/p>\n<h2><span style=\"color: #195675;\">Einf\u00fchrungsvideo auf DEUTSCH<\/span><\/h2>\n<hr \/>\n<h3><span style=\"color: #000000;\">Eltern-Info f\u00fcr die IMTEX-Mediathek<\/span><\/h3>\n<p>Dieses Video richtet sich speziell an Eltern, die f\u00fcr Ihr Kind hilfreiche Zusatzmaterialien f\u00fcr den Geigenanf\u00e4nger-Unterricht suchen.<\/p>\n<p>Wenn Ihr Kind mit der Violinschule <span style=\"color: #195675;\"><strong>Schritt f\u00fcr Schritt<\/strong> <\/span>oder der <span style=\"color: #195675;\"><strong>Suzuki-Violinschule<\/strong><\/span> das Geigenspiel erlernt, dann wird Ihnen die Mediathek sicherlich gro\u00dfe Dienste erweisen.[\/vc_column_text][\/vc_column][vc_column width=&#8220;1\/2&#8243;][vc_video link=&#8220;https:\/\/www.youtube.com\/watch?v=79DRbToem5Y&#8220;][\/vc_column][\/vc_row]<\/p>\n<\/div>","protected":false},"excerpt":{"rendered":"<p>[vc_row][vc_column][vc_toggle title=&#8220;How do I cancel my subscription?&#8220; custom_font_container=&#8220;tag:h2|text_align:left|color:%2331a3dd&#8220; use_custom_heading=&#8220;true&#8220;]We&#8217;re sorry to see you here because you&#8217;d like to cancel your subscription. You will need to follow the following steps: 1. Login\u00a0 2. Tap &#8222;My Subscription&#8220; 3. Select &#8222;Cancel?&#8220;. Confirm your request by selecting &#8222;yes&#8220;. [\/vc_toggle][vc_toggle title=&#8220;How to UPGRADE your license?&#8220; custom_font_container=&#8220;tag:h2|text_align:left|color:%2331a3dd&#8220; use_custom_heading=&#8220;true&#8220;]You will need to<\/p>\n","protected":false},"author":1,"featured_media":0,"parent":0,"menu_order":0,"comment_status":"closed","ping_status":"closed","template":"fullwidth.php","meta":{"footnotes":""},"class_list":["post-247","page","type-page","status-publish","hentry"],"_links":{"self":[{"href":"https:\/\/www.imtex-online.com\/mediathek\/wp-json\/wp\/v2\/pages\/247","targetHints":{"allow":["GET"]}}],"collection":[{"href":"https:\/\/www.imtex-online.com\/mediathek\/wp-json\/wp\/v2\/pages"}],"about":[{"href":"https:\/\/www.imtex-online.com\/mediathek\/wp-json\/wp\/v2\/types\/page"}],"author":[{"embeddable":true,"href":"https:\/\/www.imtex-online.com\/mediathek\/wp-json\/wp\/v2\/users\/1"}],"replies":[{"embeddable":true,"href":"https:\/\/www.imtex-online.com\/mediathek\/wp-json\/wp\/v2\/comments?post=247"}],"version-history":[{"count":73,"href":"https:\/\/www.imtex-online.com\/mediathek\/wp-json\/wp\/v2\/pages\/247\/revisions"}],"predecessor-version":[{"id":917,"href":"https:\/\/www.imtex-online.com\/mediathek\/wp-json\/wp\/v2\/pages\/247\/revisions\/917"}],"wp:attachment":[{"href":"https:\/\/www.imtex-online.com\/mediathek\/wp-json\/wp\/v2\/media?parent=247"}],"curies":[{"name":"wp","href":"https:\/\/api.w.org\/{rel}","templated":true}]}}