
{"id":206,"date":"2020-05-20T19:55:52","date_gmt":"2020-05-20T17:55:52","guid":{"rendered":"https:\/\/www.imtex-online.com\/mediathek\/?page_id=206"},"modified":"2020-10-29T22:13:37","modified_gmt":"2020-10-29T21:13:37","slug":"impressum","status":"publish","type":"page","link":"https:\/\/www.imtex-online.com\/mediathek\/impressum\/","title":{"rendered":"Impressum"},"content":{"rendered":"\n<h1 class=\"wp-block-heading\">Impressum<\/h1>\n\n\n\n<p><strong>Die nachstehenden Informationen enthalten die gesetzlich vorgesehenen Pflichtangaben zur Anbieterkennzeichnung, sowie wichtige rechtliche Hinweise zu dieser Internetpr\u00e4senz.<\/strong><br>&nbsp;<\/p>\n\n\n\n<p>Anbieter und Redaktionsverantwortliche Anbieterin und Redaktionsverantwortliche, sowie gesetzliche Vertreterin dieser Internetpr\u00e4senz ist im Rechtssinne:<br>&nbsp;<\/p>\n\n\n\n<p>Kerstin Wartberg<br>Instrumentalp\u00e4dagogin, Autorin&nbsp;<br>Tulpenstra\u00dfe 19<br>59909 Bestwig<br>DEUTSCHLAND<br>Tel: 0151\/57800260<br>&nbsp;<\/p>\n\n\n\n<p><strong>E-Mail:<\/strong>&nbsp;<a href=\"mailto:%20info@imtex-group.net\">administrator@istex-group.net<\/a><br><strong>Internet:<\/strong>&nbsp;<a aria-label=\" (\u00f6ffnet in neuem Tab)\" href=\"https:\/\/www.imtex.info\/\" target=\"_blank\" rel=\"noreferrer noopener\">www.imtex-online.com<\/a><\/p>\n\n\n\n<p><strong>Umsatzsteuer-Identifikationsnummer:<\/strong>&nbsp;DE154094778<br>&nbsp;<\/p>\n\n\n\n<p><strong>Rechtliche&nbsp;Hinweise zum Urheberrecht<\/strong><br>&nbsp;<\/p>\n\n\n\n<p>Das Layout der Homepage, die verwendeten Grafiken und Fotos, sowie die sonstigen Inhalte sind urheberrechtlich gesch\u00fctzt.<\/p>\n\n\n\n<p><br>Rechtliche Hinweise zur Haftung<br><a href=\"http:\/\/www.disclaimer.de\/disclaimer.htm\" target=\"_blank\" rel=\"noreferrer noopener\">Haftungssauschluss\/Disclaimer<\/a><\/p>\n\n\n\n<p>Quelle:&nbsp;<a href=\"http:\/\/www.suchmaschinen-online.de\/muster-impressum.htm\" target=\"_blank\" rel=\"noreferrer noopener\">http:\/\/www.suchmaschinen-online.de\/muster-impressum.htm<\/a><\/p>\n","protected":false},"excerpt":{"rendered":"<p>Impressum Die nachstehenden Informationen enthalten die gesetzlich vorgesehenen Pflichtangaben zur Anbieterkennzeichnung, sowie wichtige rechtliche Hinweise zu dieser Internetpr\u00e4senz.&nbsp; Anbieter und Redaktionsverantwortliche Anbieterin und Redaktionsverantwortliche, sowie gesetzliche Vertreterin dieser Internetpr\u00e4senz ist im Rechtssinne:&nbsp; Kerstin WartbergInstrumentalp\u00e4dagogin, Autorin&nbsp;Tulpenstra\u00dfe 1959909 BestwigDEUTSCHLANDTel: 0151\/57800260&nbsp; E-Mail:&nbsp;administrator@istex-group.netInternet:&nbsp;www.imtex-online.com Umsatzsteuer-Identifikationsnummer:&nbsp;DE154094778&nbsp; Rechtliche&nbsp;Hinweise zum Urheberrecht&nbsp; Das Layout der Homepage, die verwendeten Grafiken und Fotos, sowie die sonstigen<\/p>\n","protected":false},"author":1,"featured_media":0,"parent":0,"menu_order":0,"comment_status":"closed","ping_status":"closed","template":"fullwidth2.php","meta":{"footnotes":""},"class_list":["post-206","page","type-page","status-publish","hentry"],"_links":{"self":[{"href":"https:\/\/www.imtex-online.com\/mediathek\/wp-json\/wp\/v2\/pages\/206","targetHints":{"allow":["GET"]}}],"collection":[{"href":"https:\/\/www.imtex-online.com\/mediathek\/wp-json\/wp\/v2\/pages"}],"about":[{"href":"https:\/\/www.imtex-online.com\/mediathek\/wp-json\/wp\/v2\/types\/page"}],"author":[{"embeddable":true,"href":"https:\/\/www.imtex-online.com\/mediathek\/wp-json\/wp\/v2\/users\/1"}],"replies":[{"embeddable":true,"href":"https:\/\/www.imtex-online.com\/mediathek\/wp-json\/wp\/v2\/comments?post=206"}],"version-history":[{"count":8,"href":"https:\/\/www.imtex-online.com\/mediathek\/wp-json\/wp\/v2\/pages\/206\/revisions"}],"predecessor-version":[{"id":487,"href":"https:\/\/www.imtex-online.com\/mediathek\/wp-json\/wp\/v2\/pages\/206\/revisions\/487"}],"wp:attachment":[{"href":"https:\/\/www.imtex-online.com\/mediathek\/wp-json\/wp\/v2\/media?parent=206"}],"curies":[{"name":"wp","href":"https:\/\/api.w.org\/{rel}","templated":true}]}}